{"id":1134,"date":"2021-02-03T00:22:02","date_gmt":"2021-02-03T00:22:02","guid":{"rendered":"https:\/\/www.ncfrp.com\/?page_id=1134"},"modified":"2021-02-03T00:32:01","modified_gmt":"2021-02-03T00:32:01","slug":"virtual-functional-restoration-program","status":"publish","type":"page","link":"https:\/\/www.ncfrp.com\/es\/virtual-functional-restoration-program\/","title":{"rendered":"(English) Heal Well. Stay Safe. Virtual Functional Restoration Program."},"content":{"rendered":"<p class=\"qtranxs-available-languages-message qtranxs-available-languages-message-es\">Disculpa, pero esta entrada est\u00e1 disponible s\u00f3lo en <a href=\"https:\/\/www.ncfrp.com\/en\/wp-json\/wp\/v2\/pages\/1134\" class=\"qtranxs-available-language-link qtranxs-available-language-link-en\" title=\"English\">ingl\u00e9s estadounidense<\/a>.<\/p>","protected":false},"excerpt":{"rendered":"<p>Disculpa, pero esta entrada est\u00e1 disponible s\u00f3lo en ingl\u00e9s estadounidense.<\/p>\n","protected":false},"author":1,"featured_media":811,"parent":0,"menu_order":0,"comment_status":"closed","ping_status":"closed","template":"","meta":[],"yoast_head":"<!-- This site is optimized with the Yoast SEO plugin v15.7 - https:\/\/yoast.com\/wordpress\/plugins\/seo\/ -->\n<meta name=\"robots\" content=\"index, follow, max-snippet:-1, max-image-preview:large, max-video-preview:-1\" \/>\n<link rel=\"canonical\" href=\"https:\/\/www.ncfrp.com\/virtual-functional-restoration-program\/\" \/>\n<meta property=\"og:locale\" content=\"es_ES\" \/>\n<meta property=\"og:type\" content=\"article\" \/>\n<meta property=\"og:title\" content=\"[:en]Heal Well. Stay Safe. Virtual Functional Restoration Program.[:] - NCFRP\" \/>\n<meta property=\"og:description\" content=\"Disculpa, pero esta entrada est\u00e1 disponible s\u00f3lo en ingl\u00e9s estadounidense.\" \/>\n<meta property=\"og:url\" content=\"https:\/\/www.ncfrp.com\/virtual-functional-restoration-program\/\" \/>\n<meta property=\"og:site_name\" content=\"NCFRP\" \/>\n<meta property=\"article:modified_time\" content=\"2021-02-03T00:32:01+00:00\" \/>\n<meta property=\"og:image\" content=\"https:\/\/www.ncfrp.com\/wp-content\/uploads\/2015\/11\/Presentation1.jpg\" \/>\n\t<meta property=\"og:image:width\" content=\"958\" \/>\n\t<meta property=\"og:image:height\" content=\"433\" \/>\n<meta name=\"twitter:card\" content=\"summary_large_image\" \/>\n<script type=\"application\/ld+json\" class=\"yoast-schema-graph\">{\"@context\":\"https:\/\/schema.org\",\"@graph\":[{\"@type\":\"WebSite\",\"@id\":\"https:\/\/www.ncfrp.com\/#website\",\"url\":\"https:\/\/www.ncfrp.com\/\",\"name\":\"NCFRP\",\"description\":\"Northern California Functional Restoration Program\",\"potentialAction\":[{\"@type\":\"SearchAction\",\"target\":\"https:\/\/www.ncfrp.com\/?s={search_term_string}\",\"query-input\":\"required name=search_term_string\"}],\"inLanguage\":\"es\"},{\"@type\":\"ImageObject\",\"@id\":\"https:\/\/www.ncfrp.com\/virtual-functional-restoration-program\/#primaryimage\",\"inLanguage\":\"es\",\"url\":\"https:\/\/www.ncfrp.com\/wp-content\/uploads\/2015\/11\/Presentation1.jpg\",\"width\":958,\"height\":433},{\"@type\":\"WebPage\",\"@id\":\"https:\/\/www.ncfrp.com\/virtual-functional-restoration-program\/#webpage\",\"url\":\"https:\/\/www.ncfrp.com\/virtual-functional-restoration-program\/\",\"name\":\"[:en]Heal Well. Stay Safe. Virtual Functional Restoration Program.[:] - NCFRP\",\"isPartOf\":{\"@id\":\"https:\/\/www.ncfrp.com\/#website\"},\"primaryImageOfPage\":{\"@id\":\"https:\/\/www.ncfrp.com\/virtual-functional-restoration-program\/#primaryimage\"},\"datePublished\":\"2021-02-03T00:22:02+00:00\",\"dateModified\":\"2021-02-03T00:32:01+00:00\",\"inLanguage\":\"es\",\"potentialAction\":[{\"@type\":\"ReadAction\",\"target\":[\"https:\/\/www.ncfrp.com\/virtual-functional-restoration-program\/\"]}]}]}<\/script>\n<!-- \/ Yoast SEO plugin. -->","_links":{"self":[{"href":"https:\/\/www.ncfrp.com\/es\/wp-json\/wp\/v2\/pages\/1134"}],"collection":[{"href":"https:\/\/www.ncfrp.com\/es\/wp-json\/wp\/v2\/pages"}],"about":[{"href":"https:\/\/www.ncfrp.com\/es\/wp-json\/wp\/v2\/types\/page"}],"author":[{"embeddable":true,"href":"https:\/\/www.ncfrp.com\/es\/wp-json\/wp\/v2\/users\/1"}],"replies":[{"embeddable":true,"href":"https:\/\/www.ncfrp.com\/es\/wp-json\/wp\/v2\/comments?post=1134"}],"version-history":[{"count":10,"href":"https:\/\/www.ncfrp.com\/es\/wp-json\/wp\/v2\/pages\/1134\/revisions"}],"predecessor-version":[{"id":1146,"href":"https:\/\/www.ncfrp.com\/es\/wp-json\/wp\/v2\/pages\/1134\/revisions\/1146"}],"wp:featuredmedia":[{"embeddable":true,"href":"https:\/\/www.ncfrp.com\/es\/wp-json\/wp\/v2\/media\/811"}],"wp:attachment":[{"href":"https:\/\/www.ncfrp.com\/es\/wp-json\/wp\/v2\/media?parent=1134"}],"curies":[{"name":"wp","href":"https:\/\/api.w.org\/{rel}","templated":true}]}}