{"id":44,"date":"2015-01-09T13:16:17","date_gmt":"2015-01-09T13:16:17","guid":{"rendered":"http:\/\/ncfrp.jeanettekwok.com\/?page_id=44"},"modified":"2021-02-09T21:11:05","modified_gmt":"2021-02-09T21:11:05","slug":"home-page","status":"publish","type":"page","link":"https:\/\/www.ncfrp.com\/es\/","title":{"rendered":"Home"},"content":{"rendered":"<p><\/p>\n<h2>\u00bfQu\u00e9 es Restauraci\u00f3n Funcional?<\/h2>\n<p>El programa de restauraci\u00f3n Funcional (FRP) es un tratamiento multidisciplinario de gran alcance en consonancia con las orientaciones generales <\/p>\n<p>de tratamiento m\u00e9dico del dolor cr\u00f3nico. El objetivo de la restauraci\u00f3n funcional es mejorar la calidad de vida de los pacientes con dolor cr\u00f3nico mediante el tratamiento integral de la persona para ayudarles a recuperar su capacidad de funcionar dentro de su vida, las relaciones y el trabajo.<\/p>\n<table>\n<tr>\n<td style=\"padding-right:5px;\"><a class=\"videopopup\" href=\"https:\/\/www.youtube.com\/watch?v=0-A87Msp5MU\" rel=\"wp-video-lightbox\"><img class=\"alignnone size-full wp-image-412\" src=\"wp-content\/uploads\/2015\/01\/video-thumb.png\" alt=\"\" \/><\/a><\/td>\n<td style=\"padding-left: 5px;\"><a class=\"videopopup\" href=\"https:\/\/www.youtube.com\/watch?v=OXq2LTntgD0\" rel=\"wp-video-lightbox\"><img class=\"alignnone size-full wp-image-412\" src=\"https:\/\/www.ncfrp.com\/wp-content\/uploads\/2021\/01\/video-thumb1.jpg\" alt=\"\" \/><\/a><\/td>\n<\/tr>\n<\/table>\n<div class=\"share-this\"><\/div>\n<p><a href=\"\/referrals\">funcion<\/a><\/p>","protected":false},"excerpt":{"rendered":"<p>\u00bfQu\u00e9 es Restauraci\u00f3n Funcional? El programa de restauraci\u00f3n Funcional (FRP) es un tratamiento multidisciplinario de gran alcance en consonancia con las orientaciones generales de tratamiento m\u00e9dico del dolor cr\u00f3nico. El objetivo de la restauraci\u00f3n funcional es mejorar la calidad de vida de los pacientes con dolor cr\u00f3nico mediante el tratamiento integral de la persona para &hellip; <a href=\"https:\/\/www.ncfrp.com\/es\/\" class=\"more-link\">Continue reading <span class=\"screen-reader-text\">Home<\/span> <span class=\"meta-nav\">&rarr;<\/span><\/a><\/p>\n","protected":false},"author":1,"featured_media":0,"parent":0,"menu_order":0,"comment_status":"open","ping_status":"open","template":"index.php","meta":[],"yoast_head":"<!-- This site is optimized with the Yoast SEO plugin v15.7 - https:\/\/yoast.com\/wordpress\/plugins\/seo\/ -->\n<meta name=\"description\" content=\"Rebuild. Reconnect. Restore. Start living again.\" \/>\n<meta name=\"robots\" content=\"index, follow, max-snippet:-1, max-image-preview:large, max-video-preview:-1\" \/>\n<link rel=\"canonical\" href=\"https:\/\/www.ncfrp.com\/\" \/>\n<meta property=\"og:locale\" content=\"es_ES\" \/>\n<meta property=\"og:type\" content=\"article\" \/>\n<meta property=\"og:title\" content=\"Northern California Functional Restoration Program\" \/>\n<meta property=\"og:description\" content=\"Rebuild. Reconnect. Restore. Start living again.\" \/>\n<meta property=\"og:url\" content=\"https:\/\/www.ncfrp.com\/\" \/>\n<meta property=\"og:site_name\" content=\"NCFRP\" \/>\n<meta property=\"article:modified_time\" content=\"2021-02-09T21:11:05+00:00\" \/>\n<meta property=\"og:image\" content=\"https:\/\/www.ncfrp.com\/wp-content\/uploads\/2021\/02\/FRP_HomeGraphic_HiRes-1040.jpg\" \/>\n\t<meta property=\"og:image:width\" content=\"1040\" \/>\n\t<meta property=\"og:image:height\" content=\"499\" \/>\n<meta name=\"twitter:card\" content=\"summary_large_image\" \/>\n<meta name=\"twitter:title\" content=\"Northern California Functional Restoration Program\" \/>\n<meta name=\"twitter:image\" content=\"https:\/\/www.ncfrp.com\/wp-content\/uploads\/2021\/02\/FRP_HomeGraphic_HiRes-1040.jpg\" \/>\n<meta name=\"twitter:label1\" content=\"Tiempo de lectura\">\n\t<meta name=\"twitter:data1\" content=\"1 minuto\">\n<script type=\"application\/ld+json\" class=\"yoast-schema-graph\">{\"@context\":\"https:\/\/schema.org\",\"@graph\":[{\"@type\":\"WebSite\",\"@id\":\"https:\/\/www.ncfrp.com\/#website\",\"url\":\"https:\/\/www.ncfrp.com\/\",\"name\":\"NCFRP\",\"description\":\"Northern California Functional Restoration Program\",\"potentialAction\":[{\"@type\":\"SearchAction\",\"target\":\"https:\/\/www.ncfrp.com\/?s={search_term_string}\",\"query-input\":\"required name=search_term_string\"}],\"inLanguage\":\"es\"},{\"@type\":\"ImageObject\",\"@id\":\"https:\/\/www.ncfrp.com\/#primaryimage\",\"inLanguage\":\"es\",\"url\":\"wp-content\/uploads\/2015\/01\/video-thumb.png\"},{\"@type\":\"WebPage\",\"@id\":\"https:\/\/www.ncfrp.com\/#webpage\",\"url\":\"https:\/\/www.ncfrp.com\/\",\"name\":\"Home - NCFRP\",\"isPartOf\":{\"@id\":\"https:\/\/www.ncfrp.com\/#website\"},\"primaryImageOfPage\":{\"@id\":\"https:\/\/www.ncfrp.com\/#primaryimage\"},\"datePublished\":\"2015-01-09T13:16:17+00:00\",\"dateModified\":\"2021-02-09T21:11:05+00:00\",\"description\":\"Rebuild. Reconnect. Restore. Start living again.\",\"inLanguage\":\"es\",\"potentialAction\":[{\"@type\":\"ReadAction\",\"target\":[\"https:\/\/www.ncfrp.com\/\"]}]}]}<\/script>\n<!-- \/ Yoast SEO plugin. -->","_links":{"self":[{"href":"https:\/\/www.ncfrp.com\/es\/wp-json\/wp\/v2\/pages\/44"}],"collection":[{"href":"https:\/\/www.ncfrp.com\/es\/wp-json\/wp\/v2\/pages"}],"about":[{"href":"https:\/\/www.ncfrp.com\/es\/wp-json\/wp\/v2\/types\/page"}],"author":[{"embeddable":true,"href":"https:\/\/www.ncfrp.com\/es\/wp-json\/wp\/v2\/users\/1"}],"replies":[{"embeddable":true,"href":"https:\/\/www.ncfrp.com\/es\/wp-json\/wp\/v2\/comments?post=44"}],"version-history":[{"count":44,"href":"https:\/\/www.ncfrp.com\/es\/wp-json\/wp\/v2\/pages\/44\/revisions"}],"predecessor-version":[{"id":70,"href":"https:\/\/www.ncfrp.com\/es\/wp-json\/wp\/v2\/pages\/44\/revisions\/70"}],"wp:attachment":[{"href":"https:\/\/www.ncfrp.com\/es\/wp-json\/wp\/v2\/media?parent=44"}],"curies":[{"name":"wp","href":"https:\/\/api.w.org\/{rel}","templated":true}]}}