{"id":52,"date":"2015-01-09T13:42:21","date_gmt":"2015-01-09T13:42:21","guid":{"rendered":"http:\/\/ncfrp.jeanettekwok.com\/?page_id=52"},"modified":"2015-07-02T09:06:09","modified_gmt":"2015-07-02T09:06:09","slug":"for-physicians","status":"publish","type":"page","link":"https:\/\/www.ncfrp.com\/es\/about-ncfrp\/for-physicians\/","title":{"rendered":"PARA MEDICOS"},"content":{"rendered":"<p><\/p>\n<div class=\"check-out-small\"><a href=\"\/referrals\/\">Recomiende a sus pacientes<\/a><\/div>\n<p>&nbsp;<\/p>\n<p>A la fecha, m\u00e1s de 100 estudios se han publicado en la literatura m\u00e9dica caracterizando los beneficios \u00fanicos de la rehabilitaci\u00f3n interdisciplinaria del dolor. Los pacientes que han agotado los tratamientos m\u00e9dicos y quir\u00fargicos, donde a\u00fan padecen de dolor cr\u00f3nico y disfunci\u00f3n, ser\u00edan candidatos elegibles para la Restauraci\u00f3n Funcional. Comorbilidades psicol\u00f3gicas se presentan con frecuencia en pacientes con dolor cr\u00f3nico y se abordan durante el programa.<\/p>\n<p>Pacientes que han fracasado en m\u00faltiples terapias, han cambiado de m\u00e9dicos en b\u00fasqueda de respuestas, quienes continuamente han recibido una cantidad alta en medicamentos y narc\u00f3ticos, quienes han perdido la esperanza, est\u00e1n deprimidos, enojados y aislados, deben ser considerados para un programa interdisciplinario.<\/p>\n<p>El Colegio Americano de Medicina Ocupacional y Ambiental cap\u00edtulo 6, 2da edici\u00f3n aboga claramente el uso de programas de tratamiento interdisciplinarios en los casos de dolor cr\u00f3nico. (American College of Occupational and Environmental Medicine 2nd ED. Pgs. 92 &#038; 114).<\/p>\n<hr \/>\n<p><em><strong>&#8220;En 2013, NCFRP llev\u00f3 a cabo Medidas en Resultados de Estudios a trav\u00e9s de m\u00faltiples dimensiones del programa. El estudio incluye varias medidas funcionales, uso de medicamentos, estado pre \/ post-empleo, y m\u00faltiples medidas de funcionamiento psicol\u00f3gico relacionadas con el dolor.&#8221;\u00a0<\/strong><\/em><\/p>\n<p><strong>Leer m\u00e1s sobre el estudio en nuestro  <a href=\"studies\/\">Informe de resultados<\/a>.<\/strong><\/p>\n<hr \/>\n<h6><\/h6>\n<p>Cuando las opciones de tratamiento se han agotado y el paciente no tiene soluci\u00f3n a la vista de sus quejas continuas de dolor e incapacidad, puede que sea el momento de considerar en referirlo al  <a href=\"\/referrals\/\">Programa de Restauraci\u00f3n Funcional del Norte de California<\/a>.<\/p>\n<p>No dude en  <a href=\"\/contact-us\/directory\/\">contactarnos<\/a> para hablar con uno de nuestros amigables proveedores en respecto a los beneficios de la Restauraci\u00f3n Funcional y descubrir c\u00f3mo nuestro personal de apoyo administrativo dedicado y biling\u00fce  podr\u00e1 ayudarle a usted  y a su paciente con el procesamiento de las autorizaciones y alojamiento.<\/p>\n<ul>\n<li><strong>Una cita post-programa est\u00e1 programada con el m\u00e9dico de atenci\u00f3n primaria, inmediatamente despu\u00e9s de terminar el curso.<\/strong><\/li>\n<li><strong>Los pacientes son dados de alta regresando a su doctor original de tratamiento o pueden ser transferidos a nuestro consultorio dependiendo de la preferencia del m\u00e9dico de cabecera.<\/strong><\/li>\n<li><strong>Actualizaciones de estado semanales ser\u00e1n proporcionados al m\u00e9dico de referencia.<\/strong><\/li>\n<li><strong>Informes completos semanales ser\u00e1n proporcionados a los m\u00e9dicos tratantes y las compa\u00f1\u00edas de seguros.<\/strong><\/li>\n<li><strong>Reuniones semanales del equipo multidisciplinario, abiertas a la participaci\u00f3n del m\u00e9dico de cabecera o remitente, administradores de casos y compa\u00f1\u00edas de seguros.<\/strong><\/li>\n<li><strong>Todas las partes ser\u00e1n notificadas de nuestro plan interdisciplinario de atenci\u00f3n dentro de los 10 d\u00edas de la evaluaci\u00f3n.<\/strong><\/li>\n<li><strong>Se proporcionara un reporte completo del plan de tratamiento a doctores de cabecera y aseguradoras.<\/strong><\/li>\n<li><strong>Los informes finales delinearan el progreso, la situaci\u00f3n laboral y las recomendaciones acerca las futuras necesidades de atenci\u00f3n m\u00e9dica.<\/strong><\/li>\n<li><strong>Final reports will outline progress, work status, and recommendations regarding future medical care needs.<\/strong><\/li>\n<li><strong>Un informe de puntaje formal y \/ o una proyecci\u00f3n de costos m\u00e9dicos pueden ser llevarse a cabo bajo petici\u00f3n y autorizaci\u00f3n.<\/strong><\/li>\n<li><strong> Provisi\u00f3n diaria de alimentos saludables, para la comodidad y educaci\u00f3n de los pacientes.<\/strong><\/li>\n<\/ul>\n<h4><em>Esperamos con inter\u00e9s trabajar con usted y sus pacientes!<\/em><\/h4>\n<p><\/p>","protected":false},"excerpt":{"rendered":"<p>Recomiende a sus pacientes &nbsp; A la fecha, m\u00e1s de 100 estudios se han publicado en la literatura m\u00e9dica caracterizando los beneficios \u00fanicos de la rehabilitaci\u00f3n interdisciplinaria del dolor. Los pacientes que han agotado los tratamientos m\u00e9dicos y quir\u00fargicos, donde a\u00fan padecen de dolor cr\u00f3nico y disfunci\u00f3n, ser\u00edan candidatos elegibles para la Restauraci\u00f3n Funcional. Comorbilidades &hellip; <a href=\"https:\/\/www.ncfrp.com\/es\/about-ncfrp\/for-physicians\/\" class=\"more-link\">Continue reading <span class=\"screen-reader-text\">PARA MEDICOS<\/span> <span class=\"meta-nav\">&rarr;<\/span><\/a><\/p>\n","protected":false},"author":1,"featured_media":0,"parent":6,"menu_order":0,"comment_status":"open","ping_status":"open","template":"","meta":[],"yoast_head":"<!-- This site is optimized with the Yoast SEO plugin v15.7 - https:\/\/yoast.com\/wordpress\/plugins\/seo\/ -->\n<meta name=\"robots\" content=\"index, follow, max-snippet:-1, max-image-preview:large, max-video-preview:-1\" \/>\n<link rel=\"canonical\" href=\"https:\/\/www.ncfrp.com\/about-ncfrp\/for-physicians\/\" \/>\n<meta property=\"og:locale\" content=\"es_ES\" \/>\n<meta property=\"og:type\" content=\"article\" \/>\n<meta property=\"og:title\" content=\"[:en]For Physicians[:es]PARA MEDICOS[:] - NCFRP\" \/>\n<meta property=\"og:description\" content=\"Recomiende a sus pacientes &nbsp; A la fecha, m\u00e1s de 100 estudios se han publicado en la literatura m\u00e9dica caracterizando los beneficios \u00fanicos de la rehabilitaci\u00f3n interdisciplinaria del dolor. Los pacientes que han agotado los tratamientos m\u00e9dicos y quir\u00fargicos, donde a\u00fan padecen de dolor cr\u00f3nico y disfunci\u00f3n, ser\u00edan candidatos elegibles para la Restauraci\u00f3n Funcional. Comorbilidades &hellip; Continue reading PARA MEDICOS &rarr;\" \/>\n<meta property=\"og:url\" content=\"https:\/\/www.ncfrp.com\/about-ncfrp\/for-physicians\/\" \/>\n<meta property=\"og:site_name\" content=\"NCFRP\" \/>\n<meta property=\"article:modified_time\" content=\"2015-07-02T09:06:09+00:00\" \/>\n<meta name=\"twitter:card\" content=\"summary_large_image\" \/>\n<meta name=\"twitter:label1\" content=\"Tiempo de lectura\">\n\t<meta name=\"twitter:data1\" content=\"5 minutos\">\n<script type=\"application\/ld+json\" class=\"yoast-schema-graph\">{\"@context\":\"https:\/\/schema.org\",\"@graph\":[{\"@type\":\"WebSite\",\"@id\":\"https:\/\/www.ncfrp.com\/#website\",\"url\":\"https:\/\/www.ncfrp.com\/\",\"name\":\"NCFRP\",\"description\":\"Northern California Functional Restoration Program\",\"potentialAction\":[{\"@type\":\"SearchAction\",\"target\":\"https:\/\/www.ncfrp.com\/?s={search_term_string}\",\"query-input\":\"required name=search_term_string\"}],\"inLanguage\":\"es\"},{\"@type\":\"WebPage\",\"@id\":\"https:\/\/www.ncfrp.com\/about-ncfrp\/for-physicians\/#webpage\",\"url\":\"https:\/\/www.ncfrp.com\/about-ncfrp\/for-physicians\/\",\"name\":\"[:en]For Physicians[:es]PARA MEDICOS[:] - NCFRP\",\"isPartOf\":{\"@id\":\"https:\/\/www.ncfrp.com\/#website\"},\"datePublished\":\"2015-01-09T13:42:21+00:00\",\"dateModified\":\"2015-07-02T09:06:09+00:00\",\"inLanguage\":\"es\",\"potentialAction\":[{\"@type\":\"ReadAction\",\"target\":[\"https:\/\/www.ncfrp.com\/about-ncfrp\/for-physicians\/\"]}]}]}<\/script>\n<!-- \/ Yoast SEO plugin. -->","_links":{"self":[{"href":"https:\/\/www.ncfrp.com\/es\/wp-json\/wp\/v2\/pages\/52"}],"collection":[{"href":"https:\/\/www.ncfrp.com\/es\/wp-json\/wp\/v2\/pages"}],"about":[{"href":"https:\/\/www.ncfrp.com\/es\/wp-json\/wp\/v2\/types\/page"}],"author":[{"embeddable":true,"href":"https:\/\/www.ncfrp.com\/es\/wp-json\/wp\/v2\/users\/1"}],"replies":[{"embeddable":true,"href":"https:\/\/www.ncfrp.com\/es\/wp-json\/wp\/v2\/comments?post=52"}],"version-history":[{"count":58,"href":"https:\/\/www.ncfrp.com\/es\/wp-json\/wp\/v2\/pages\/52\/revisions"}],"predecessor-version":[{"id":722,"href":"https:\/\/www.ncfrp.com\/es\/wp-json\/wp\/v2\/pages\/52\/revisions\/722"}],"up":[{"embeddable":true,"href":"https:\/\/www.ncfrp.com\/es\/wp-json\/wp\/v2\/pages\/6"}],"wp:attachment":[{"href":"https:\/\/www.ncfrp.com\/es\/wp-json\/wp\/v2\/media?parent=52"}],"curies":[{"name":"wp","href":"https:\/\/api.w.org\/{rel}","templated":true}]}}