{"id":54,"date":"2015-01-09T13:42:35","date_gmt":"2015-01-09T13:42:35","guid":{"rendered":"http:\/\/ncfrp.jeanettekwok.com\/?page_id=54"},"modified":"2015-07-02T09:49:48","modified_gmt":"2015-07-02T09:49:48","slug":"for-insurance-carriers","status":"publish","type":"page","link":"https:\/\/www.ncfrp.com\/es\/about-ncfrp\/for-insurance-carriers\/","title":{"rendered":"PARA ASEGURADORAS"},"content":{"rendered":"<p><\/p>\n<h3 style=\"text-align: center;\"><em>&#8220;Nuestra meta en NCFRP, es proporcionar un costo econ\u00f3mico y flexible <\/p>\n<p> Con resultados dirigidos a la restauraci\u00f3n funcional del tratamiento de sus clientes&#8221;<\/em><\/h3>\n<p>Entendemos que es un gran reto encontrar el programa adecuado para sus clientes. Por m\u00e1s de 13 a\u00f1os de experiencia nuestros tratamientos en Restauraci\u00f3n Funcional, nos han permitido llevar a cabo estudios a mas de cientos de pacientes para medir la variedad de resultados significativos. Con esperanza que estos mismos nos ayuden a determinar si el NCFRP es lo adecuado para sus clientes.<\/p>\n<p>Muy seguido, pacientes reciben cirug\u00edas, inyecciones, terapia f\u00edsica, tratamientos quiropr\u00e1cticos, aumento de medicamentos con resultados negativos, aumento de quejas del dolor, depresi\u00f3n, incapacidad y sobretodo disminuci\u00f3n en el funcionamiento f\u00edsico y psicosocial  a pesar de todos los tratamientos y mejores esfuerzos del doctor. Recuperaci\u00f3n y el regreso a trabajar puede verse casi imposible de lograr. NCFRP podr\u00eda ser su soluci\u00f3n.<\/p>\n<p>Nuestra meta en NCFRP, es ayudarle a maximizar el potencial funcional y psicol\u00f3gico resultando en la disminuci\u00f3n del uso de recursos del cuidado m\u00e9dico, optimizando el uso de medicamentos y regresando a un plan laboral.<\/p>\n<h6>RESUMEN DE RESULTADOS<\/h6>\n<p>En 2013, NCFRP condujo estudios para medir resultados a trav\u00e9s de m\u00faltiples dimensiones del programa.<\/p>\n<p>Los resultados de NCFRP incluyen m\u00faltiples medidas de funcionamiento, uso de medicamentos, estado de pre \/ post-empleo y m\u00faltiples medidas de funcionamiento psicol\u00f3gico relacionadas al dolor.<\/p>\n<p>RESUMEN: Pacientes que han terminado el Programa de Restauraci\u00f3n Funcional (NCFRP) demostraron significativamente evidencia cl\u00ednica en su mejor\u00eda a trav\u00e9s de dimensiones de funcionalidad m\u00faltiple, reducci\u00f3n del uso de opioides para el dolor y funcionamiento en \u00e1reas psico-social\/ psicol\u00f3gico.<br \/>\nUn significativo alto porcentaje de \u00e9xito en los participantes de NCFRP que buscaron empleo despu\u00e9s del programa.   <\/p>\n<ul>\n<li><strong>Reducci\u00f3n de un promedio de 24% en el uso de opioides despu\u00e9s de NCFRP<\/strong><\/li>\n<li><strong>71% de pacientes que terminan NCFRP pueden realizar alg\u00fan tipo de trabajo.<\/strong><\/li>\n<li><strong>96% de pacientes son Permanente y Estacionario despu\u00e9s del programa<\/strong><\/li>\n<li><strong>Mejor\u00eda significativa en el funcionamiento f\u00edsico<\/strong><\/li>\n<li><strong>Mejora en el bienestar emocional; incluyendo s\u00edntomas depresivos y relacionados con la ansiedad<\/strong><\/li>\n<li><strong>Mejora del funcionamiento experiencial: mejor participaci\u00f3n en actividades de la vida diaria<\/strong><\/li>\n<li><strong>Mayor deseo en la participaci\u00f3n de actividades sociales<\/strong><\/li>\n<li><strong>Mayor calidad de interacci\u00f3n con sus seres queridos<\/strong><\/li>\n<li><strong>Reducci\u00f3n en la dependencia de opioides y otros medicamentos relacionados con el dolor<\/strong><\/li>\n<li><strong>Aumento significativo en la tasa de retorno al trabajo y cambios adaptativos al Permanente y Estacionario <\/strong><\/li>\n<\/ul>\n<p>Aprenda mas de nuestro  <a href=\"\/studies\/\">Resultado de estudios<\/a>.<\/p>\n<h6>Descargas<\/h6>\n<ul>\n<li><a href=\"\/wp-content\/uploads\/pdfs\/outcomes-summary.pdf\" target=\"_blank\">Resumen de Resultados<\/a><\/li>\n<li><a href=\"\/wp-content\/uploads\/pdfs\/program-description.pdf\" target=\"_blank\">Descripcion de Programa<\/a><\/li>\n<\/ul>\n<p><a href=\"\/contact-us\/directory\/\">Cont\u00e1ctenos <\/a> Nuestro amigable equipo de apoyo podr\u00e1 investigar c\u00f3mo ayudarle a usted y a su cliente! <\/p>","protected":false},"excerpt":{"rendered":"<p>&#8220;Nuestra meta en NCFRP, es proporcionar un costo econ\u00f3mico y flexible Con resultados dirigidos a la restauraci\u00f3n funcional del tratamiento de sus clientes&#8221; Entendemos que es un gran reto encontrar el programa adecuado para sus clientes. Por m\u00e1s de 13 a\u00f1os de experiencia nuestros tratamientos en Restauraci\u00f3n Funcional, nos han permitido llevar a cabo estudios &hellip; <a href=\"https:\/\/www.ncfrp.com\/es\/about-ncfrp\/for-insurance-carriers\/\" class=\"more-link\">Continue reading <span class=\"screen-reader-text\">PARA ASEGURADORAS<\/span> <span class=\"meta-nav\">&rarr;<\/span><\/a><\/p>\n","protected":false},"author":1,"featured_media":0,"parent":6,"menu_order":0,"comment_status":"open","ping_status":"open","template":"","meta":[],"yoast_head":"<!-- This site is optimized with the Yoast SEO plugin v15.7 - https:\/\/yoast.com\/wordpress\/plugins\/seo\/ -->\n<meta name=\"robots\" content=\"index, follow, max-snippet:-1, max-image-preview:large, max-video-preview:-1\" \/>\n<link rel=\"canonical\" href=\"https:\/\/www.ncfrp.com\/about-ncfrp\/for-insurance-carriers\/\" \/>\n<meta property=\"og:locale\" content=\"es_ES\" \/>\n<meta property=\"og:type\" content=\"article\" \/>\n<meta property=\"og:title\" content=\"[:en]For Insurance Carriers[:es]PARA ASEGURADORAS [:] - NCFRP\" \/>\n<meta property=\"og:description\" content=\"&#8220;Nuestra meta en NCFRP, es proporcionar un costo econ\u00f3mico y flexible Con resultados dirigidos a la restauraci\u00f3n funcional del tratamiento de sus clientes&#8221; Entendemos que es un gran reto encontrar el programa adecuado para sus clientes. Por m\u00e1s de 13 a\u00f1os de experiencia nuestros tratamientos en Restauraci\u00f3n Funcional, nos han permitido llevar a cabo estudios &hellip; Continue reading PARA ASEGURADORAS &rarr;\" \/>\n<meta property=\"og:url\" content=\"https:\/\/www.ncfrp.com\/about-ncfrp\/for-insurance-carriers\/\" \/>\n<meta property=\"og:site_name\" content=\"NCFRP\" \/>\n<meta property=\"article:modified_time\" content=\"2015-07-02T09:49:48+00:00\" \/>\n<meta name=\"twitter:card\" content=\"summary_large_image\" \/>\n<meta name=\"twitter:label1\" content=\"Tiempo de lectura\">\n\t<meta name=\"twitter:data1\" content=\"4 minutos\">\n<script type=\"application\/ld+json\" class=\"yoast-schema-graph\">{\"@context\":\"https:\/\/schema.org\",\"@graph\":[{\"@type\":\"WebSite\",\"@id\":\"https:\/\/www.ncfrp.com\/#website\",\"url\":\"https:\/\/www.ncfrp.com\/\",\"name\":\"NCFRP\",\"description\":\"Northern California Functional Restoration Program\",\"potentialAction\":[{\"@type\":\"SearchAction\",\"target\":\"https:\/\/www.ncfrp.com\/?s={search_term_string}\",\"query-input\":\"required name=search_term_string\"}],\"inLanguage\":\"es\"},{\"@type\":\"WebPage\",\"@id\":\"https:\/\/www.ncfrp.com\/about-ncfrp\/for-insurance-carriers\/#webpage\",\"url\":\"https:\/\/www.ncfrp.com\/about-ncfrp\/for-insurance-carriers\/\",\"name\":\"[:en]For Insurance Carriers[:es]PARA ASEGURADORAS [:] - NCFRP\",\"isPartOf\":{\"@id\":\"https:\/\/www.ncfrp.com\/#website\"},\"datePublished\":\"2015-01-09T13:42:35+00:00\",\"dateModified\":\"2015-07-02T09:49:48+00:00\",\"inLanguage\":\"es\",\"potentialAction\":[{\"@type\":\"ReadAction\",\"target\":[\"https:\/\/www.ncfrp.com\/about-ncfrp\/for-insurance-carriers\/\"]}]}]}<\/script>\n<!-- \/ Yoast SEO plugin. -->","_links":{"self":[{"href":"https:\/\/www.ncfrp.com\/es\/wp-json\/wp\/v2\/pages\/54"}],"collection":[{"href":"https:\/\/www.ncfrp.com\/es\/wp-json\/wp\/v2\/pages"}],"about":[{"href":"https:\/\/www.ncfrp.com\/es\/wp-json\/wp\/v2\/types\/page"}],"author":[{"embeddable":true,"href":"https:\/\/www.ncfrp.com\/es\/wp-json\/wp\/v2\/users\/1"}],"replies":[{"embeddable":true,"href":"https:\/\/www.ncfrp.com\/es\/wp-json\/wp\/v2\/comments?post=54"}],"version-history":[{"count":60,"href":"https:\/\/www.ncfrp.com\/es\/wp-json\/wp\/v2\/pages\/54\/revisions"}],"predecessor-version":[{"id":723,"href":"https:\/\/www.ncfrp.com\/es\/wp-json\/wp\/v2\/pages\/54\/revisions\/723"}],"up":[{"embeddable":true,"href":"https:\/\/www.ncfrp.com\/es\/wp-json\/wp\/v2\/pages\/6"}],"wp:attachment":[{"href":"https:\/\/www.ncfrp.com\/es\/wp-json\/wp\/v2\/media?parent=54"}],"curies":[{"name":"wp","href":"https:\/\/api.w.org\/{rel}","templated":true}]}}