{"id":59,"date":"2015-01-09T13:43:08","date_gmt":"2015-01-09T13:43:08","guid":{"rendered":"http:\/\/ncfrp.jeanettekwok.com\/?page_id=59"},"modified":"2022-12-13T21:16:01","modified_gmt":"2022-12-13T21:16:01","slug":"for-patients","status":"publish","type":"page","link":"https:\/\/www.ncfrp.com\/es\/about-ncfrp\/for-patients\/","title":{"rendered":"PARA PACIENTES"},"content":{"rendered":"<p>Si no est\u00e1 seguro de lo que  \u201cRestauraci\u00f3n Funcional\u201d significa, no est\u00e1 solo.  El Programa de Restauraci\u00f3n Funcional del Norte de California (NCFRP) es un programa interdisciplinario que consiste en educaci\u00f3n, psicolog\u00eda, medicina conductual, medicamentos, terapia f\u00edsica y nutrici\u00f3n, para tratar su problema de dolor.<\/p>\n<p>\u00bfCu\u00e1ndo fue la \u00faltima vez que se sinti\u00f3 bien acerca de su vida? Comenzamos el Programa de Restauraci\u00f3n Funcional del Norte de California con la creencia de que la excelencia cl\u00ednica, compromiso al buen servicio y un enfoque moderno creando una verdadera y gran experiencia.  Para llevar nuestra visi\u00f3n de la vida, nos hemos basado en un dise\u00f1o centrado en el paciente, la aplicaci\u00f3n de enfoques basados en la evidencia, y un equipo de especialistas en dolor con talento que le proporcionar\u00e1 las mejores herramientas y la m\u00e1s alta calidad de atenci\u00f3n posible.<\/p>\n<p>Muchas personas que padecen dolor cr\u00f3nico han atravesado por extensos tratamientos y  terapia a menudo sin obtener mejor\u00eda de tal como aumento del dolor, desesperaci\u00f3n y discapacidad. Aumento de peso,  frustraci\u00f3n, ansiedad e ira igualmente a menudo surgen. El dolor cr\u00f3nico afecta a las relaciones interpersonales, profesionales al igual que actividades recreativas. <\/p>\n<p>En NCFRP, tendr\u00e1 oportunidad de conocer otras personas que sufren de dolor cr\u00f3nico, ayud\u00e1ndose unos a otros a tener \u00e9xito en el programa.<\/p>\n<p>Investigaciones han demostrado  que un Programa Interdisciplinario de Restauraci\u00f3n Funcional puede ayudarle a construir, reconectar y restaurar su vida. Algunas modalidades de tratamiento que pueden ser sugeridas por nuestro equipo incluyen; el ajuste de medicamentos, terapia de modificaci\u00f3n de conducta, entrenamiento en habilidades de afrontamiento, terapia y educaci\u00f3n de biorretroalimentaci\u00f3n, terapia f\u00edsica, terapia de ejercicio, clases  referentes a lesiones y el proceso de enfermedades, nutrici\u00f3n, medicamentos, yoga, habilidades para aumentar su confianza en entrevistas y mas. El \u00e9xito en nuestro programa depende en gran medida de su compromiso en participar y  motivaci\u00f3n para tener \u00e9xito. <\/p>\n<hr \/>\n<p><strong><em>&#8220;Nuestro objetivo es reducir el impacto de dolor que ha atravesado en su vida. El Programa de Restauraci\u00f3n Funcional del Norte de California le dar\u00e1 las herramientas para ayudarle a manejar su dolor de manera m\u00e1s eficaz, d\u00e1ndole una vida m\u00e1s significativa, satisfactoria y productiva&#8221;<\/em><\/strong><\/p>\n<hr \/>\n<p>Una vez hecha la referencia, podremos ayudar a su m\u00e9dico a obtener las autorizaciones necesarias para su tratamiento.Esperamos con inter\u00e9s escuchar de usted d\u00e1ndole la bienvenida a cualquier pregunta adicional que tenga con respecto a nuestro programa.<\/p>\n<p>No dude en ponerse en contacto con nuestros amigables <a href=\"\/contact-us\/directory\/\">proveedores y Coordinadores de Atenci\u00f3n al Paciente<\/a> para obtener m\u00e1s informaci\u00f3n acerca de nuestro programa!<\/p>\n<h6>Enlaces<\/h6>\n<ul>\n<li><a href=\"\/referrals\/\">Para su doctor<\/a><\/li>\n<li><a href=\"\/referral-form\/\">Formulario de referencia<\/a><\/li>\n<\/ul>\n<h6>Descargas<\/h6>\n<ul>\n<li><a href=\"\/wp-content\/uploads\/2015\/01\/NCFRP-REFERRAL-FORM.pdf\" target=\"_blank\" rel=\"noopener noreferrer\">Formulario para referencia a NCFRP<\/a><\/li>\n<li><a href=\"\/wp-content\/uploads\/2015\/01\/NCFRP_brochure_NEW.pdf\" target=\"_blank\" rel=\"noopener noreferrer\">Panfleto de NCFRP<\/a><\/li>\n<\/ul>\n<p><\/p>","protected":false},"excerpt":{"rendered":"<p>Si no est\u00e1 seguro de lo que \u201cRestauraci\u00f3n Funcional\u201d significa, no est\u00e1 solo. El Programa de Restauraci\u00f3n Funcional del Norte de California (NCFRP) es un programa interdisciplinario que consiste en educaci\u00f3n, psicolog\u00eda, medicina conductual, medicamentos, terapia f\u00edsica y nutrici\u00f3n, para tratar su problema de dolor. \u00bfCu\u00e1ndo fue la \u00faltima vez que se sinti\u00f3 bien acerca &hellip; <a href=\"https:\/\/www.ncfrp.com\/es\/about-ncfrp\/for-patients\/\" class=\"more-link\">Continue reading <span class=\"screen-reader-text\">PARA PACIENTES<\/span> <span class=\"meta-nav\">&rarr;<\/span><\/a><\/p>\n","protected":false},"author":1,"featured_media":0,"parent":6,"menu_order":0,"comment_status":"open","ping_status":"open","template":"page-templates\/for-patient.php","meta":[],"yoast_head":"<!-- This site is optimized with the Yoast SEO plugin v15.7 - https:\/\/yoast.com\/wordpress\/plugins\/seo\/ -->\n<meta name=\"robots\" content=\"index, follow, max-snippet:-1, max-image-preview:large, max-video-preview:-1\" \/>\n<link rel=\"canonical\" href=\"https:\/\/www.ncfrp.com\/about-ncfrp\/for-patients\/\" \/>\n<meta property=\"og:locale\" content=\"es_ES\" \/>\n<meta property=\"og:type\" content=\"article\" \/>\n<meta property=\"og:title\" content=\"[:en]For Patients[:es]PARA PACIENTES[:] - NCFRP\" \/>\n<meta property=\"og:description\" content=\"Si no est\u00e1 seguro de lo que \u201cRestauraci\u00f3n Funcional\u201d significa, no est\u00e1 solo. El Programa de Restauraci\u00f3n Funcional del Norte de California (NCFRP) es un programa interdisciplinario que consiste en educaci\u00f3n, psicolog\u00eda, medicina conductual, medicamentos, terapia f\u00edsica y nutrici\u00f3n, para tratar su problema de dolor. \u00bfCu\u00e1ndo fue la \u00faltima vez que se sinti\u00f3 bien acerca &hellip; Continue reading PARA PACIENTES &rarr;\" \/>\n<meta property=\"og:url\" content=\"https:\/\/www.ncfrp.com\/about-ncfrp\/for-patients\/\" \/>\n<meta property=\"og:site_name\" content=\"NCFRP\" \/>\n<meta property=\"article:modified_time\" content=\"2022-12-13T21:16:01+00:00\" \/>\n<meta name=\"twitter:card\" content=\"summary_large_image\" \/>\n<meta name=\"twitter:label1\" content=\"Tiempo de lectura\">\n\t<meta name=\"twitter:data1\" content=\"2 minutos\">\n<script type=\"application\/ld+json\" class=\"yoast-schema-graph\">{\"@context\":\"https:\/\/schema.org\",\"@graph\":[{\"@type\":\"WebSite\",\"@id\":\"https:\/\/www.ncfrp.com\/#website\",\"url\":\"https:\/\/www.ncfrp.com\/\",\"name\":\"NCFRP\",\"description\":\"Northern California Functional Restoration Program\",\"potentialAction\":[{\"@type\":\"SearchAction\",\"target\":\"https:\/\/www.ncfrp.com\/?s={search_term_string}\",\"query-input\":\"required name=search_term_string\"}],\"inLanguage\":\"es\"},{\"@type\":\"WebPage\",\"@id\":\"https:\/\/www.ncfrp.com\/about-ncfrp\/for-patients\/#webpage\",\"url\":\"https:\/\/www.ncfrp.com\/about-ncfrp\/for-patients\/\",\"name\":\"[:en]For Patients[:es]PARA PACIENTES[:] - NCFRP\",\"isPartOf\":{\"@id\":\"https:\/\/www.ncfrp.com\/#website\"},\"datePublished\":\"2015-01-09T13:43:08+00:00\",\"dateModified\":\"2022-12-13T21:16:01+00:00\",\"inLanguage\":\"es\",\"potentialAction\":[{\"@type\":\"ReadAction\",\"target\":[\"https:\/\/www.ncfrp.com\/about-ncfrp\/for-patients\/\"]}]}]}<\/script>\n<!-- \/ Yoast SEO plugin. -->","_links":{"self":[{"href":"https:\/\/www.ncfrp.com\/es\/wp-json\/wp\/v2\/pages\/59"}],"collection":[{"href":"https:\/\/www.ncfrp.com\/es\/wp-json\/wp\/v2\/pages"}],"about":[{"href":"https:\/\/www.ncfrp.com\/es\/wp-json\/wp\/v2\/types\/page"}],"author":[{"embeddable":true,"href":"https:\/\/www.ncfrp.com\/es\/wp-json\/wp\/v2\/users\/1"}],"replies":[{"embeddable":true,"href":"https:\/\/www.ncfrp.com\/es\/wp-json\/wp\/v2\/comments?post=59"}],"version-history":[{"count":22,"href":"https:\/\/www.ncfrp.com\/es\/wp-json\/wp\/v2\/pages\/59\/revisions"}],"predecessor-version":[{"id":1177,"href":"https:\/\/www.ncfrp.com\/es\/wp-json\/wp\/v2\/pages\/59\/revisions\/1177"}],"up":[{"embeddable":true,"href":"https:\/\/www.ncfrp.com\/es\/wp-json\/wp\/v2\/pages\/6"}],"wp:attachment":[{"href":"https:\/\/www.ncfrp.com\/es\/wp-json\/wp\/v2\/media?parent=59"}],"curies":[{"name":"wp","href":"https:\/\/api.w.org\/{rel}","templated":true}]}}