{"id":61,"date":"2015-01-09T13:43:23","date_gmt":"2015-01-09T13:43:23","guid":{"rendered":"http:\/\/ncfrp.jeanettekwok.com\/?page_id=61"},"modified":"2017-07-17T15:04:23","modified_gmt":"2017-07-17T15:04:23","slug":"success-stories","status":"publish","type":"page","link":"https:\/\/www.ncfrp.com\/es\/about-ncfrp\/success-stories\/","title":{"rendered":"HISTORIAS EXITOSAS"},"content":{"rendered":"<p>\u201cEstoy muy agradecido con todos los doctores y persona que nos dieron su tiempo y conocimiento para poder darnos las herramientas para poder salir adelante con cada problema.\u201d \u00a0 \u00a0 \u00a0 \u00a0 \u00a0 \u00a0 \u00a0 \u00a0 \u00a0 \u00a0 \u00a0 \u00a0 \u00a0 \u00a0 \u00a0 \u00a0 \u00a0 \u00a0 \u00a0 \u00a0 \u00a0 \u00a0 \u00a0 \u00a0 \u00a0 \u00a0 \u00a0 \u00a0 \u00a0 \u00a0 \u00a0 \u00a0 \u00a0 \u00a0 \u00a0 \u00a0 \u00a0 \u00a0 \u00a0 \u00a0 \u00a0 \u00a0 \u00a0 \u00a0 \u00a0 \u00a0 \u00a0 \u00a0<span class=\"blue\" style=\"float: right; display: block;\">\u2013 Patient<\/span><\/p>\n<p>&nbsp;<\/p>\n<p>\u201cApreciamos especialmente toda la informaci\u00f3n que nos dieron \u00a0instructores. Hemos aprendido como sobrelleva el dolor usando menos posible las pastillas para el dolor y estamos muy agradecidos por todo su duro trabajo.\u201d \u00a0 \u00a0 \u00a0 \u00a0 \u00a0 \u00a0 \u00a0 \u00a0 \u00a0 \u00a0 \u00a0 \u00a0<span class=\"blue\" style=\"float: right; display: block;\">\u2013 Patient<\/span><\/p>\n<p>&nbsp;<\/p>\n<p>\u201cDesde el inicio y a trav\u00e9s de todo el programa hubo un alto nivel de experiencia y profesionalismo que hizo hincapi\u00e9 en la gravedad del dolor. Me regresaron al mundo con un estado de m\u00e1s conciencia, me hubiera gustado haber estado expuesto mas pronto a todo lo que aprend\u00ed en NORTE DE CALIFORNIA PROGRAMA DE RESTAURACI\u00d3N FUNCIONAL. No ten\u00eda ni idea de lo que combat\u00eda. No existen formas suficientes para agradecer al personal por haberme ense\u00f1ado habilidades como; t\u00e9cnicas de respiraci\u00f3n, nutrici\u00f3n, postura y meditaci\u00f3n. La alimentaci\u00f3n tambi\u00e9n pudo evitar el disparo del dolor, as\u00ed como los alimentos que evitan la inflamaci\u00f3n. No tengo suficientes palabras para agradecer a Laura la fisioterapeuta. Ella me dio la fuerza y el coraje para seguir adelante y empezar a sentirme bien conmigo mismo. Gracias a todos por lo que han logrado. Ha sido una re\u00f1ida batalla, dura y larga, llena de obst\u00e1culos a trav\u00e9s de los a\u00f1os, pero gracias por su perseverancia y la m\u00eda esta historia tiene un final feliz. Cabe mencionar el profesionalismo, experiencia, cari\u00f1o y cuidado que todos me han demostrado. No podr\u00e1n saber lo tanto que valoro todo lo que han hecho por me. Es dif\u00edcil describir un regalo tan maravilloso de recuperarse si mismo .Sincero agradecimiento. Utilizare diariamente las herramientas que he aprendido&#8230; En lo que respecta al Dr. Morley y visitas al m\u00e9dico han sido excelentes, nunca tuve ning\u00fan problema en las instalaciones ni con el personal de recepci\u00f3n, me pareci\u00f3 todo muy profesional.\u201d <span class=\"blue\" style=\"float: right; display: block;\">\u2013 YELP<\/span><\/p>\n<p>&nbsp;<\/p>\n<p>\u201cUn impresionante programa que ayuda a todos aquellos que tienen dolor para seguir adelante y recuperar nuevamente su vida\u201d<br \/>\n<span class=\"blue\" style=\"float: right; display: block;\">\u2013 Patient<\/span><\/p>\n<p>&nbsp;<\/p>\n<p>\u201cEste programa le devolvi\u00f3 mi cuerpo casi a su funci\u00f3n antes de la lesi\u00f3n. Realmente siento que este programa deber\u00eda ser obligatorio para todos los trabajadores lesionados. No tengo palabras suficientes para recomendar este programa\u201d<br \/>\n<span class=\"blue\" style=\"float: right; display: block;\">\u2013 Patient<\/span><\/p>\n<p>&nbsp;<\/p>\n<p>\u201cRealmente agradezco el apoyo y el amor de todo el personal aqu\u00ed. Quiero darle las gracias no solo por darme mi vida f\u00edsica sino definitivamente mentalmente\u201d <span class=\"blue\" style=\"float: right; display: block;\">\u2013 Patient<\/span><\/p>\n<p>&nbsp;<\/p>\n<p>\u201cAntes de cruzar las puertas del programa me aislaba en casa, aterrorizado de abrir a mi puerta o de contestar el tel\u00e9fono. Cuando me enter\u00e9 de que iba a estar en el programa de FRP durante 6 semanas no pens\u00e9 que me iba a funcionar. Un d\u00eda antes de la graduaci\u00f3n me sent\u00eda ya un hombre diferente&#8230; Estaba abierto tanto f\u00edsica como mentalmente con el grupo. Cada d\u00eda era un d\u00eda nuevo con el grupo y los proveedores. Ansiaba saber que m\u00e1s habr\u00eda para m\u00ed. Al final del programa me sent\u00ed abierto a tantas cosas que me ense\u00f1aron y dispuesto a disfrutar el mundo exterior. Entusiasmado a vivir una nueva vida con mi hija y dispuesto a averiguar lo que me ayudara a crecer.\u201d <span class=\"blue\" style=\"float: right; display: block;\">\u2013 Patient<\/span><\/p>\n<p>&nbsp;<\/p>\n<p>\u201cA trav\u00e9s de la NCFRP he adquirido los conocimientos necesarios para comprender mejor no s\u00f3lo de mi lesi\u00f3n, pero mi relaci\u00f3n con el dolor. Cuando entr\u00e9 por primera vez el programa, estaba esperanzado pero aun esc\u00e9ptico sobre c\u00f3mo el NCFRP me beneficiar\u00eda. Despu\u00e9s de seis semanas, tengo una mejor comprensi\u00f3n de lo que le sucede a mi cuerpo y una multitud de maneras para ayudar a aliviar mi dolor en forma m\u00e1s sana. Me voy de aqu\u00ed sin miedo a mi dolor y mi futuro, con las habilidades que he aprendido y adoptado aqu\u00ed. Gracias NCFRP. \u201d <span class=\"blue\" style=\"float: right; display: block;\">\u2013 Patient<\/span><\/p>\n<p>&nbsp;<\/p>\n<p>\u201cMe parece muy importante este programa. Se lo recomiendo a cualquier persona con una lesi\u00f3n relacionada con el trabajo. El FRP me ense\u00f1\u00f3 c\u00f3mo expresar mis sentimientos, junto con los nombres propios de las partes del cuerpo con el fin de manejar correctamente audiencias, conferencias de la corte y para AME o Juez. El programa tambi\u00e9n me ense\u00f1\u00f3 maneras apropiadas para ejercitar, comer mejor, t\u00e9cnicas de relaciones y por supuesto en la forma de navegar a trav\u00e9s de algunos de los problemas con las regulaciones y el entendimiento de compensaci\u00f3n al trabajador.<br \/>\nDoy las gracias a todo el personal de FRP por toda la excelente ayuda con mis batallas de la vida. Gracias por ense\u00f1arme maneras distintas de utilizar los medicamentos orales para tratar el dolor.\u201d <span class=\"blue\" style=\"float: right; display: block;\">\u2013 Patient<\/span><\/p>\n<p>&nbsp;<\/p>\n<p>\u201cCuando yo, Andre R Williams primero entr\u00e9 en este programa (FRP) ten\u00eda miedo y me sent\u00eda confundido, asustado batallando con un mont\u00f3n de problemas de confianza. Empec\u00e9 el 20 de septiembre 2013 y estaba como un ni\u00f1o a partir del primer d\u00eda de clases. Yo no ten\u00eda respuestas. Todo lo que hice fue aparecer todos los d\u00edas por la gracia de Dios\u201d<\/p>\n<p>\u201cA medida que los d\u00edas y los flujos de conocimiento aumentaron, he aprendido a amar Andre m\u00e1s y m\u00e1s. Nosotros, como trabajadores lesionados fuimos bendecidos de ser parte del fascinante curso, &#8220;Dios no comete errores&#8221;. Mucho aprecio al director: Dr. Jess Ghannam. Que Dios bendiga tanto el personal y FRP. Por siempre con un d\u00eda mas \u201d <span class=\"blue\" style=\"float: right; display: block;\">\u2013 Patient<\/span><\/p>\n<p>&nbsp;<\/p>\n<p>\u201cEn un principio, aplique a este programa para que me ayudaran a dejar de depender del medicamento para el dolor Norco. Despu\u00e9s de varios intentos fallidos por mi cuenta pens\u00e9 esa seria la \u00fanica raz\u00f3n por ir a FRP. Incluso antes de mi primer d\u00eda Dr. Ghannam y Dr. Lo ten\u00edan un plan de tratamiento para dejar Norco por completo y empezar el Bufenorphine. Despu\u00e9s de 6 semanas fuera Norco, un \u00e9xito.<\/p>\n<p>Asistir el programa era m\u00e1s que bajar mis medicamentos, sab\u00eda que me hab\u00eda apagado la luz, jubilado, en el ocio.<\/p>\n<p>Graduaci\u00f3n, 6 semanas m\u00e1s tarde, la luz regreso y en camino a otra vida, utilizando la informaci\u00f3n del programa. \u201d <span class=\"blue\" style=\"float: right; display: block;\">\u2013 Patient<\/span><\/p>\n<p>&nbsp;<\/p>\n<p>\u201cSi est\u00e1 leyendo esto probablemente est\u00e1 pensando en venir al Programa de Restauraci\u00f3n Funcional. Si viene y se queda hasta el final, lo cambiara en muchas buenas maneras. La mayor parte ocurri\u00f3 hasta el final y la experiencia de compartir esto con tantas otras personas que padecen de dolor y lo m\u00e1s profundo es que entienden por lo que usted est\u00e1 atravesando. Estar enojado o deprimido y aislado que lo \u00fanico que puede hacer es quedarse en cama y ver la televisi\u00f3n o se siente como si estuviera con muerte cerebral y no puede recordar o hacer frente a cualquier cosa o si usted siente que la compensaci\u00f3n de trabajadores, su trabajo, abogado, m\u00e9dicos, y todo el mundo ha hecho todo lo posible para hacer su vida un infierno, estar\u00e1 en compa\u00f1\u00eda de seres que lo entienden. Si usted siente que su familia y amigos no entienden y se est\u00e1n distanciados, usted encontrar\u00e1 amabilidad y comprensi\u00f3n en este programa. Es un programa muy duro, llegara a casa agotado cada noche, pero en alg\u00fan lugar a mitad del camino se dar\u00e1 cuenta que usted ha obtenido tanta informaci\u00f3n, que se sentir\u00e1 m\u00e1s fuerte, estar\u00e1 conociendo verdaderos amigos y que su antiguo yo est\u00e1 emergiendo de nuevo. Lo m\u00e1s maravillosa para es que hay un verdadero esp\u00edritu de la bondad, generosidad sin cr\u00edticas de todos los que trabajan aqu\u00ed. Tambi\u00e9n los instructores son muy variados y est\u00e1n bien informados. Nutrici\u00f3n, la mec\u00e1nica corporal, informaci\u00f3n de indemnizaci\u00f3n al trabajador, meditaci\u00f3n guiada, m\u00e9todos de relajaci\u00f3n, estiramientos y movimientos y un incre\u00edble personal de terapia f\u00edsica que entiende lo que el dolor hace al cuerpo, le ense\u00f1aran a c\u00f3mo recuperar m\u00e1s fuerza sin hacerse m\u00e1s da\u00f1o. Hay mucho m\u00e1s que decir. S\u00f3lo espero que usted le crea que un extra\u00f1o que le est\u00e1 diciendo que este programa ser\u00e1 un regalo de Dios para usted as\u00ed como lo ha sido para m\u00ed y para todos los dem\u00e1s miembros de mi grupo. Le deseo lo mejor. \u201d <span class=\"blue\" style=\"float: right; display: block;\">\u2013 Patient<\/span><\/p>\n<p>&nbsp;<\/p>\n<p>\u201cCuando llegu\u00e9 en este programa pens\u00e9, este programa era igual que el resto. Pura pl\u00e1tica y nada de sustancia. Estaba listo para volver a casa y ver la televisi\u00f3n como siempre lo hago cuando tengo el dolor. Entrar a mi concha. Este programa realmente cambi\u00f3 mi vida y me sac\u00f3 de casa y de mi escondite la concha. El dolor sigue aqu\u00ed, pero ahora puedo funcionar de alguna manera con el dolor. \u201d <span class=\"blue\" style=\"float: right; display: block;\">\u2013 Patient<\/span><\/p>","protected":false},"excerpt":{"rendered":"<p>\u201cEstoy muy agradecido con todos los doctores y persona que nos dieron su tiempo y conocimiento para poder darnos las herramientas para poder salir adelante con cada problema.\u201d \u00a0 \u00a0 \u00a0 \u00a0 \u00a0 \u00a0 \u00a0 \u00a0 \u00a0 \u00a0 \u00a0 \u00a0 \u00a0 \u00a0 \u00a0 \u00a0 \u00a0 \u00a0 \u00a0 \u00a0 \u00a0 \u00a0 \u00a0 \u00a0 \u00a0 \u00a0 \u00a0 &hellip; <a href=\"https:\/\/www.ncfrp.com\/es\/about-ncfrp\/success-stories\/\" class=\"more-link\">Continue reading <span class=\"screen-reader-text\">HISTORIAS EXITOSAS<\/span> <span class=\"meta-nav\">&rarr;<\/span><\/a><\/p>\n","protected":false},"author":1,"featured_media":0,"parent":6,"menu_order":0,"comment_status":"open","ping_status":"open","template":"","meta":[],"yoast_head":"<!-- This site is optimized with the Yoast SEO plugin v15.7 - https:\/\/yoast.com\/wordpress\/plugins\/seo\/ -->\n<meta name=\"robots\" content=\"index, follow, max-snippet:-1, max-image-preview:large, max-video-preview:-1\" \/>\n<link rel=\"canonical\" href=\"https:\/\/www.ncfrp.com\/about-ncfrp\/success-stories\/\" \/>\n<meta property=\"og:locale\" content=\"es_ES\" \/>\n<meta property=\"og:type\" content=\"article\" \/>\n<meta property=\"og:title\" content=\"[:en]Success Stories[:es]HISTORIAS EXITOSAS [:] - NCFRP\" \/>\n<meta property=\"og:description\" content=\"\u201cEstoy muy agradecido con todos los doctores y persona que nos dieron su tiempo y conocimiento para poder darnos las herramientas para poder salir adelante con cada problema.\u201d \u00a0 \u00a0 \u00a0 \u00a0 \u00a0 \u00a0 \u00a0 \u00a0 \u00a0 \u00a0 \u00a0 \u00a0 \u00a0 \u00a0 \u00a0 \u00a0 \u00a0 \u00a0 \u00a0 \u00a0 \u00a0 \u00a0 \u00a0 \u00a0 \u00a0 \u00a0 \u00a0 &hellip; Continue reading HISTORIAS EXITOSAS &rarr;\" \/>\n<meta property=\"og:url\" content=\"https:\/\/www.ncfrp.com\/about-ncfrp\/success-stories\/\" \/>\n<meta property=\"og:site_name\" content=\"NCFRP\" \/>\n<meta property=\"article:modified_time\" content=\"2017-07-17T15:04:23+00:00\" \/>\n<meta name=\"twitter:card\" content=\"summary_large_image\" \/>\n<meta name=\"twitter:label1\" content=\"Tiempo de lectura\">\n\t<meta name=\"twitter:data1\" content=\"15 minutos\">\n<script type=\"application\/ld+json\" class=\"yoast-schema-graph\">{\"@context\":\"https:\/\/schema.org\",\"@graph\":[{\"@type\":\"WebSite\",\"@id\":\"https:\/\/www.ncfrp.com\/#website\",\"url\":\"https:\/\/www.ncfrp.com\/\",\"name\":\"NCFRP\",\"description\":\"Northern California Functional Restoration Program\",\"potentialAction\":[{\"@type\":\"SearchAction\",\"target\":\"https:\/\/www.ncfrp.com\/?s={search_term_string}\",\"query-input\":\"required name=search_term_string\"}],\"inLanguage\":\"es\"},{\"@type\":\"WebPage\",\"@id\":\"https:\/\/www.ncfrp.com\/about-ncfrp\/success-stories\/#webpage\",\"url\":\"https:\/\/www.ncfrp.com\/about-ncfrp\/success-stories\/\",\"name\":\"[:en]Success Stories[:es]HISTORIAS EXITOSAS [:] - NCFRP\",\"isPartOf\":{\"@id\":\"https:\/\/www.ncfrp.com\/#website\"},\"datePublished\":\"2015-01-09T13:43:23+00:00\",\"dateModified\":\"2017-07-17T15:04:23+00:00\",\"inLanguage\":\"es\",\"potentialAction\":[{\"@type\":\"ReadAction\",\"target\":[\"https:\/\/www.ncfrp.com\/about-ncfrp\/success-stories\/\"]}]}]}<\/script>\n<!-- \/ Yoast SEO plugin. -->","_links":{"self":[{"href":"https:\/\/www.ncfrp.com\/es\/wp-json\/wp\/v2\/pages\/61"}],"collection":[{"href":"https:\/\/www.ncfrp.com\/es\/wp-json\/wp\/v2\/pages"}],"about":[{"href":"https:\/\/www.ncfrp.com\/es\/wp-json\/wp\/v2\/types\/page"}],"author":[{"embeddable":true,"href":"https:\/\/www.ncfrp.com\/es\/wp-json\/wp\/v2\/users\/1"}],"replies":[{"embeddable":true,"href":"https:\/\/www.ncfrp.com\/es\/wp-json\/wp\/v2\/comments?post=61"}],"version-history":[{"count":34,"href":"https:\/\/www.ncfrp.com\/es\/wp-json\/wp\/v2\/pages\/61\/revisions"}],"predecessor-version":[{"id":895,"href":"https:\/\/www.ncfrp.com\/es\/wp-json\/wp\/v2\/pages\/61\/revisions\/895"}],"up":[{"embeddable":true,"href":"https:\/\/www.ncfrp.com\/es\/wp-json\/wp\/v2\/pages\/6"}],"wp:attachment":[{"href":"https:\/\/www.ncfrp.com\/es\/wp-json\/wp\/v2\/media?parent=61"}],"curies":[{"name":"wp","href":"https:\/\/api.w.org\/{rel}","templated":true}]}}