{"id":8,"date":"2015-01-09T07:28:06","date_gmt":"2015-01-09T07:28:06","guid":{"rendered":"http:\/\/ncfrp.jeanettekwok.com\/?page_id=8"},"modified":"2020-12-30T22:13:26","modified_gmt":"2020-12-30T22:13:26","slug":"studies","status":"publish","type":"page","link":"https:\/\/www.ncfrp.com\/es\/studies\/","title":{"rendered":"Estudios"},"content":{"rendered":"<p>En NCFRP, entendemos que encontrar el Programa de Restauraci\u00f3n Funcional adecuado para su paciente es un desaf\u00edo. MTUS\/ Gu\u00edas de tratamiento m\u00e9dico y dolor cr\u00f3nico recomiendan un Programa del dolor cr\u00f3nico donde haya acceso a un programa con  resultados exitosos comprobados, para los pacientes con condiciones que los ponen en riesgo de una recuperaci\u00f3n tard\u00eda. (MTUS, pagina 30) <\/p>\n<p>Nuestros m\u00e1s de 13 a\u00f1os de experiencia en tratamiento de restauraci\u00f3n funcional nos han permitido realizar cientos de estudio  de pacientes para medir una variedad de resultados importantes.<\/p>\n<hr \/>\n<p>&#8220;<em><strong>Los pacientes que terminan el Programa de Restauraci\u00f3n Funcional norte de California (NCFRP) demuestran  una mejor\u00eda cl\u00ednica significativa a trav\u00e9s de m\u00faltiples dimensiones de funcionalidad como: reducci\u00f3n del dolor, disminuci\u00f3n del consumo de opioids y  funcionamiento psicosocial\/ psicol\u00f3gico. En NCFRP existe un gran \u00e9xito en los participantes que buscan empleo posterior al programa&#8221;<\/strong><\/em><\/p>\n<hr \/>\n<h6>Descargas<\/h6>\n<ul>\n<li><a href=\"\/wp-content\/uploads\/pdfs\/outcomes-summary.pdf\" target=\"_blank\" rel=\"noopener noreferrer\">Resultados<\/a><\/li>\n<li><a href=\"\/wp-content\/uploads\/pdfs\/program-description.pdf\" target=\"_blank\" rel=\"noopener noreferrer\">Descripci\u00f3n del programa<\/a><\/li>\n<\/ul>\n<p><strong>Nuestros resultados en Medidas  de los estudios demuestran que las personas tratadas en NCFRP:<\/strong><\/p>\n<ul>\n<li>Significativa mejor\u00eda en el funcionamiento f\u00edsico<\/li>\n<li>Mejor\u00eda en el bienestar emocional incluyendo s\u00edntomas relacionados con depresi\u00f3n y ansiedad.<\/li>\n<li>Mejor\u00eda en experiencias de funcionamiento: Mejor participaci\u00f3n en actividades de la vida diaria, mayor participaci\u00f3n y deseo de ser parte de actividades sociales, mejor calidad de vida e interacci\u00f3n con otros.<\/li>\n<li>Reducci\u00f3n en la dependencia de medicamentos opioides y otros medicamentos relacionados con el dolor<\/li>\n<li>Han tenido una alza significativa en retorno al trabajo y cambios de adaptaci\u00f3n al estado estacionario \/ permanente<\/li>\n<\/ul>\n<p><a href=\"\/wp-content\/uploads\/2015\/01\/RTW-and-Opioid2.png\"><img loading=\"lazy\" class=\" wp-image-444 aligncenter\" src=\"\/wp-content\/uploads\/2015\/01\/RTW-and-Opioid2.png\" alt=\"RTW and Opioid\" width=\"600\" height=\"348\" data-id=\"444\" srcset=\"https:\/\/www.ncfrp.com\/wp-content\/uploads\/2015\/01\/RTW-and-Opioid2.png 982w, https:\/\/www.ncfrp.com\/wp-content\/uploads\/2015\/01\/RTW-and-Opioid2-300x174.png 300w\" sizes=\"(max-width: 600px) 100vw, 600px\" \/><\/a><\/p>\n<hr \/>\n<p><a href=\"\/wp-content\/uploads\/2015\/01\/PS-Status1.png\"><img loading=\"lazy\" class=\" wp-image-434 aligncenter\" src=\"\/wp-content\/uploads\/2015\/01\/PS-Status1.png\" alt=\"P&amp;S Status\" width=\"400\" height=\"318\" data-id=\"434\" srcset=\"https:\/\/www.ncfrp.com\/wp-content\/uploads\/2015\/01\/PS-Status1.png 637w, https:\/\/www.ncfrp.com\/wp-content\/uploads\/2015\/01\/PS-Status1-300x238.png 300w\" sizes=\"(max-width: 400px) 100vw, 400px\" \/><\/a><\/p>\n<hr \/>\n<p><a href=\"\/wp-content\/uploads\/2015\/01\/Other-Graphs.png\"><img loading=\"lazy\" class=\"aligncenter wp-image-448\" src=\"\/wp-content\/uploads\/2015\/01\/Other-Graphs.png\" alt=\"Other Graphs\" width=\"700\" height=\"602\" data-id=\"448\" srcset=\"https:\/\/www.ncfrp.com\/wp-content\/uploads\/2015\/01\/Other-Graphs.png 836w, https:\/\/www.ncfrp.com\/wp-content\/uploads\/2015\/01\/Other-Graphs-300x258.png 300w\" sizes=\"(max-width: 700px) 100vw, 700px\" \/><\/a><\/p>","protected":false},"excerpt":{"rendered":"<p>En NCFRP, entendemos que encontrar el Programa de Restauraci\u00f3n Funcional adecuado para su paciente es un desaf\u00edo. MTUS\/ Gu\u00edas de tratamiento m\u00e9dico y dolor cr\u00f3nico recomiendan un Programa del dolor cr\u00f3nico donde haya acceso a un programa con resultados exitosos comprobados, para los pacientes con condiciones que los ponen en riesgo de una recuperaci\u00f3n tard\u00eda. &hellip; <a href=\"https:\/\/www.ncfrp.com\/es\/studies\/\" class=\"more-link\">Continue reading <span class=\"screen-reader-text\">Estudios<\/span> <span class=\"meta-nav\">&rarr;<\/span><\/a><\/p>\n","protected":false},"author":1,"featured_media":0,"parent":0,"menu_order":0,"comment_status":"open","ping_status":"open","template":"","meta":[],"yoast_head":"<!-- This site is optimized with the Yoast SEO plugin v15.7 - https:\/\/yoast.com\/wordpress\/plugins\/seo\/ -->\n<meta name=\"robots\" content=\"index, follow, max-snippet:-1, max-image-preview:large, max-video-preview:-1\" \/>\n<link rel=\"canonical\" href=\"https:\/\/www.ncfrp.com\/studies\/\" \/>\n<meta property=\"og:locale\" content=\"es_ES\" \/>\n<meta property=\"og:type\" content=\"article\" \/>\n<meta property=\"og:title\" content=\"[:en]Studies[:es]Estudios[:] - NCFRP\" \/>\n<meta property=\"og:description\" content=\"En NCFRP, entendemos que encontrar el Programa de Restauraci\u00f3n Funcional adecuado para su paciente es un desaf\u00edo. MTUS\/ Gu\u00edas de tratamiento m\u00e9dico y dolor cr\u00f3nico recomiendan un Programa del dolor cr\u00f3nico donde haya acceso a un programa con resultados exitosos comprobados, para los pacientes con condiciones que los ponen en riesgo de una recuperaci\u00f3n tard\u00eda. &hellip; Continue reading Estudios &rarr;\" \/>\n<meta property=\"og:url\" content=\"https:\/\/www.ncfrp.com\/studies\/\" \/>\n<meta property=\"og:site_name\" content=\"NCFRP\" \/>\n<meta property=\"article:modified_time\" content=\"2020-12-30T22:13:26+00:00\" \/>\n<meta property=\"og:image\" content=\"https:\/\/www.ncfrp.com\/wp-content\/uploads\/2015\/01\/RTW-and-Opioid2.png\" \/>\n<meta name=\"twitter:card\" content=\"summary_large_image\" \/>\n<meta name=\"twitter:label1\" content=\"Tiempo de lectura\">\n\t<meta name=\"twitter:data1\" content=\"2 minutos\">\n<script type=\"application\/ld+json\" class=\"yoast-schema-graph\">{\"@context\":\"https:\/\/schema.org\",\"@graph\":[{\"@type\":\"WebSite\",\"@id\":\"https:\/\/www.ncfrp.com\/#website\",\"url\":\"https:\/\/www.ncfrp.com\/\",\"name\":\"NCFRP\",\"description\":\"Northern California Functional Restoration Program\",\"potentialAction\":[{\"@type\":\"SearchAction\",\"target\":\"https:\/\/www.ncfrp.com\/?s={search_term_string}\",\"query-input\":\"required name=search_term_string\"}],\"inLanguage\":\"es\"},{\"@type\":\"ImageObject\",\"@id\":\"https:\/\/www.ncfrp.com\/studies\/#primaryimage\",\"inLanguage\":\"es\",\"url\":\"\/wp-content\/uploads\/2015\/01\/RTW-and-Opioid2.png\"},{\"@type\":\"WebPage\",\"@id\":\"https:\/\/www.ncfrp.com\/studies\/#webpage\",\"url\":\"https:\/\/www.ncfrp.com\/studies\/\",\"name\":\"[:en]Studies[:es]Estudios[:] - NCFRP\",\"isPartOf\":{\"@id\":\"https:\/\/www.ncfrp.com\/#website\"},\"primaryImageOfPage\":{\"@id\":\"https:\/\/www.ncfrp.com\/studies\/#primaryimage\"},\"datePublished\":\"2015-01-09T07:28:06+00:00\",\"dateModified\":\"2020-12-30T22:13:26+00:00\",\"inLanguage\":\"es\",\"potentialAction\":[{\"@type\":\"ReadAction\",\"target\":[\"https:\/\/www.ncfrp.com\/studies\/\"]}]}]}<\/script>\n<!-- \/ Yoast SEO plugin. -->","_links":{"self":[{"href":"https:\/\/www.ncfrp.com\/es\/wp-json\/wp\/v2\/pages\/8"}],"collection":[{"href":"https:\/\/www.ncfrp.com\/es\/wp-json\/wp\/v2\/pages"}],"about":[{"href":"https:\/\/www.ncfrp.com\/es\/wp-json\/wp\/v2\/types\/page"}],"author":[{"embeddable":true,"href":"https:\/\/www.ncfrp.com\/es\/wp-json\/wp\/v2\/users\/1"}],"replies":[{"embeddable":true,"href":"https:\/\/www.ncfrp.com\/es\/wp-json\/wp\/v2\/comments?post=8"}],"version-history":[{"count":64,"href":"https:\/\/www.ncfrp.com\/es\/wp-json\/wp\/v2\/pages\/8\/revisions"}],"predecessor-version":[{"id":1118,"href":"https:\/\/www.ncfrp.com\/es\/wp-json\/wp\/v2\/pages\/8\/revisions\/1118"}],"wp:attachment":[{"href":"https:\/\/www.ncfrp.com\/es\/wp-json\/wp\/v2\/media?parent=8"}],"curies":[{"name":"wp","href":"https:\/\/api.w.org\/{rel}","templated":true}]}}