{"id":86,"date":"2015-01-12T07:57:06","date_gmt":"2015-01-12T07:57:06","guid":{"rendered":"http:\/\/ncfrp.jeanettekwok.com\/?page_id=86"},"modified":"2020-09-03T18:05:39","modified_gmt":"2020-09-03T18:05:39","slug":"directory","status":"publish","type":"page","link":"https:\/\/www.ncfrp.com\/es\/contact-us\/directory\/","title":{"rendered":"DIRECTORIO"},"content":{"rendered":"<p><\/p>\n<h6>Programa de Restauraci\u00f3n Funcional del Norte de California (Oficina principal)<\/h6>\n<p>Tel\u00e9fono 510.985.1199<br \/>\nFax 510.985.1191<br \/>\nEmail <i><\/i><a href=\"mailto:referrals@prcmg.com\">referrals@prcmg.com<\/a><\/p>\n<h6>Departamento de Atenci\u00f3n al Paciente<\/h6>\n<p>Anita Lopez Perez, NCFRP Lead y\u00a0Coorninadora de atencion al paciente<br \/>\nTel\u00e9fono 510.985.1199\u00a0Ext 301<\/p>\n<p>Miriam Orozco,\u00a0NCFRP Coorninadora de atencion al paciente (Este de la Bahia)<br \/>\nTel\u00e9fono 510.985.1199 Ext 300<\/p>\n<p>Donna Villalon,\u00a0NCFRP Coorninadora de atencion al paciente (Norte de la Bahia)<br \/>\nTel\u00e9fono 510.985.1199 Ext\u00a0404<\/p>\n<h6>Departamento de Autorizaci\u00f3n<\/h6>\n<p>Kalvin Pespitro, NCFRP Coorninadora de Autorizaci\u00f3n (Este de la Bahia)<br \/>\nTel\u00e9fono 510.985.1199 Ext 155<\/p>\n<p>Melisa Fernando, NCFRP Coorninadora de Autorizaci\u00f3n (Este de la Bahia)<br \/>\nTel\u00e9fono 510.985.1199 Ext 304<\/p>\n<h6>Departamento de Registros m\u00e9dicos<\/h6>\n<p>Tel\u00e9fono 510.647.5101<\/p>\n<h6>Departamento de Facturaci\u00f3n<\/h6>\n<p>Tel\u00e9fono 510.649.7000<\/p>\n<h6>Departamento de Mercadotecnia<\/h6>\n<p>Tel\u00e9fono 510.985.1199 Ext 307<\/p>\n<p>&nbsp;<\/p>","protected":false},"excerpt":{"rendered":"<p>Programa de Restauraci\u00f3n Funcional del Norte de California (Oficina principal) Tel\u00e9fono 510.985.1199 Fax 510.985.1191 Email referrals@prcmg.com Departamento de Atenci\u00f3n al Paciente Anita Lopez Perez, NCFRP Lead y\u00a0Coorninadora de atencion al paciente Tel\u00e9fono 510.985.1199\u00a0Ext 301 Miriam Orozco,\u00a0NCFRP Coorninadora de atencion al paciente (Este de la Bahia) Tel\u00e9fono 510.985.1199 Ext 300 Donna Villalon,\u00a0NCFRP Coorninadora de atencion al &hellip; <a href=\"https:\/\/www.ncfrp.com\/es\/contact-us\/directory\/\" class=\"more-link\">Continue reading <span class=\"screen-reader-text\">DIRECTORIO<\/span> <span class=\"meta-nav\">&rarr;<\/span><\/a><\/p>\n","protected":false},"author":1,"featured_media":0,"parent":20,"menu_order":0,"comment_status":"open","ping_status":"open","template":"","meta":[],"yoast_head":"<!-- This site is optimized with the Yoast SEO plugin v15.7 - https:\/\/yoast.com\/wordpress\/plugins\/seo\/ -->\n<meta name=\"robots\" content=\"index, follow, max-snippet:-1, max-image-preview:large, max-video-preview:-1\" \/>\n<link rel=\"canonical\" href=\"https:\/\/www.ncfrp.com\/contact-us\/directory\/\" \/>\n<meta property=\"og:locale\" content=\"es_ES\" \/>\n<meta property=\"og:type\" content=\"article\" \/>\n<meta property=\"og:title\" content=\"[:en]Directory[:es]DIRECTORIO[:] - NCFRP\" \/>\n<meta property=\"og:description\" content=\"Programa de Restauraci\u00f3n Funcional del Norte de California (Oficina principal) Tel\u00e9fono 510.985.1199 Fax 510.985.1191 Email referrals@prcmg.com Departamento de Atenci\u00f3n al Paciente Anita Lopez Perez, NCFRP Lead y\u00a0Coorninadora de atencion al paciente Tel\u00e9fono 510.985.1199\u00a0Ext 301 Miriam Orozco,\u00a0NCFRP Coorninadora de atencion al paciente (Este de la Bahia) Tel\u00e9fono 510.985.1199 Ext 300 Donna Villalon,\u00a0NCFRP Coorninadora de atencion al &hellip; Continue reading DIRECTORIO &rarr;\" \/>\n<meta property=\"og:url\" content=\"https:\/\/www.ncfrp.com\/contact-us\/directory\/\" \/>\n<meta property=\"og:site_name\" content=\"NCFRP\" \/>\n<meta property=\"article:modified_time\" content=\"2020-09-03T18:05:39+00:00\" \/>\n<meta name=\"twitter:card\" content=\"summary_large_image\" \/>\n<meta name=\"twitter:label1\" content=\"Tiempo de lectura\">\n\t<meta name=\"twitter:data1\" content=\"1 minuto\">\n<script type=\"application\/ld+json\" class=\"yoast-schema-graph\">{\"@context\":\"https:\/\/schema.org\",\"@graph\":[{\"@type\":\"WebSite\",\"@id\":\"https:\/\/www.ncfrp.com\/#website\",\"url\":\"https:\/\/www.ncfrp.com\/\",\"name\":\"NCFRP\",\"description\":\"Northern California Functional Restoration Program\",\"potentialAction\":[{\"@type\":\"SearchAction\",\"target\":\"https:\/\/www.ncfrp.com\/?s={search_term_string}\",\"query-input\":\"required name=search_term_string\"}],\"inLanguage\":\"es\"},{\"@type\":\"WebPage\",\"@id\":\"https:\/\/www.ncfrp.com\/contact-us\/directory\/#webpage\",\"url\":\"https:\/\/www.ncfrp.com\/contact-us\/directory\/\",\"name\":\"[:en]Directory[:es]DIRECTORIO[:] - NCFRP\",\"isPartOf\":{\"@id\":\"https:\/\/www.ncfrp.com\/#website\"},\"datePublished\":\"2015-01-12T07:57:06+00:00\",\"dateModified\":\"2020-09-03T18:05:39+00:00\",\"inLanguage\":\"es\",\"potentialAction\":[{\"@type\":\"ReadAction\",\"target\":[\"https:\/\/www.ncfrp.com\/contact-us\/directory\/\"]}]}]}<\/script>\n<!-- \/ Yoast SEO plugin. -->","_links":{"self":[{"href":"https:\/\/www.ncfrp.com\/es\/wp-json\/wp\/v2\/pages\/86"}],"collection":[{"href":"https:\/\/www.ncfrp.com\/es\/wp-json\/wp\/v2\/pages"}],"about":[{"href":"https:\/\/www.ncfrp.com\/es\/wp-json\/wp\/v2\/types\/page"}],"author":[{"embeddable":true,"href":"https:\/\/www.ncfrp.com\/es\/wp-json\/wp\/v2\/users\/1"}],"replies":[{"embeddable":true,"href":"https:\/\/www.ncfrp.com\/es\/wp-json\/wp\/v2\/comments?post=86"}],"version-history":[{"count":45,"href":"https:\/\/www.ncfrp.com\/es\/wp-json\/wp\/v2\/pages\/86\/revisions"}],"predecessor-version":[{"id":1106,"href":"https:\/\/www.ncfrp.com\/es\/wp-json\/wp\/v2\/pages\/86\/revisions\/1106"}],"up":[{"embeddable":true,"href":"https:\/\/www.ncfrp.com\/es\/wp-json\/wp\/v2\/pages\/20"}],"wp:attachment":[{"href":"https:\/\/www.ncfrp.com\/es\/wp-json\/wp\/v2\/media?parent=86"}],"curies":[{"name":"wp","href":"https:\/\/api.w.org\/{rel}","templated":true}]}}