{"id":90,"date":"2015-01-12T07:57:36","date_gmt":"2015-01-12T07:57:36","guid":{"rendered":"http:\/\/ncfrp.jeanettekwok.com\/?page_id=90"},"modified":"2015-07-02T12:57:47","modified_gmt":"2015-07-02T12:57:47","slug":"subscribe-to-ncfrp","status":"publish","type":"page","link":"https:\/\/www.ncfrp.com\/es\/contact-us\/subscribe-to-ncfrp\/","title":{"rendered":"SUSCRIBASE"},"content":{"rendered":"<p>\u00a1Suscr\u00edbase llenando el siguiente formulario para recibir nuestro bolet\u00edn electr\u00f3nico y mantenengase informado acerca de actualizaciones, consejos, noticias y mucho m\u00e1s!<\/p>\n<form id=\"mc-embedded-subscribe-form\" class=\"validate subcribe_form\" action=\"\/\/prcmg.us8.list-manage.com\/subscribe\/post?u=b33284c104e3e38833009dadd&amp;id=66d0c248f3\" method=\"post\" name=\"mc-embedded-subscribe-form\" novalidate=\"\" target=\"_blank\"><input id=\"mce-FNAME\" name=\"FNAME\" type=\"text\" value=\"\" placeholder=\"Name\" \/><br \/>\n<input id=\"mce-EMAIL\" name=\"EMAIL\" type=\"email\" value=\"\" placeholder=\"Email\" \/><\/p>\n<div id=\"mce-responses\" class=\"clear\"><\/div>\n<p><input type=\"submit\" value=\"Submit\" \/><\/p>\n<\/form>\n<p><\/p>","protected":false},"excerpt":{"rendered":"<p>\u00a1Suscr\u00edbase llenando el siguiente formulario para recibir nuestro bolet\u00edn electr\u00f3nico y mantenengase informado acerca de actualizaciones, consejos, noticias y mucho m\u00e1s!<\/p>\n","protected":false},"author":1,"featured_media":0,"parent":20,"menu_order":0,"comment_status":"open","ping_status":"open","template":"","meta":[],"yoast_head":"<!-- This site is optimized with the Yoast SEO plugin v15.7 - https:\/\/yoast.com\/wordpress\/plugins\/seo\/ -->\n<meta name=\"robots\" content=\"index, follow, max-snippet:-1, max-image-preview:large, max-video-preview:-1\" \/>\n<link rel=\"canonical\" href=\"https:\/\/www.ncfrp.com\/contact-us\/subscribe-to-ncfrp\/\" \/>\n<meta property=\"og:locale\" content=\"es_ES\" \/>\n<meta property=\"og:type\" content=\"article\" \/>\n<meta property=\"og:title\" content=\"[:en]Subscribe to Us[:es]SUSCRIBASE[:] - NCFRP\" \/>\n<meta property=\"og:description\" content=\"\u00a1Suscr\u00edbase llenando el siguiente formulario para recibir nuestro bolet\u00edn electr\u00f3nico y mantenengase informado acerca de actualizaciones, consejos, noticias y mucho m\u00e1s!\" \/>\n<meta property=\"og:url\" content=\"https:\/\/www.ncfrp.com\/contact-us\/subscribe-to-ncfrp\/\" \/>\n<meta property=\"og:site_name\" content=\"NCFRP\" \/>\n<meta property=\"article:modified_time\" content=\"2015-07-02T12:57:47+00:00\" \/>\n<meta name=\"twitter:card\" content=\"summary_large_image\" \/>\n<script type=\"application\/ld+json\" class=\"yoast-schema-graph\">{\"@context\":\"https:\/\/schema.org\",\"@graph\":[{\"@type\":\"WebSite\",\"@id\":\"https:\/\/www.ncfrp.com\/#website\",\"url\":\"https:\/\/www.ncfrp.com\/\",\"name\":\"NCFRP\",\"description\":\"Northern California Functional Restoration Program\",\"potentialAction\":[{\"@type\":\"SearchAction\",\"target\":\"https:\/\/www.ncfrp.com\/?s={search_term_string}\",\"query-input\":\"required name=search_term_string\"}],\"inLanguage\":\"es\"},{\"@type\":\"WebPage\",\"@id\":\"https:\/\/www.ncfrp.com\/contact-us\/subscribe-to-ncfrp\/#webpage\",\"url\":\"https:\/\/www.ncfrp.com\/contact-us\/subscribe-to-ncfrp\/\",\"name\":\"[:en]Subscribe to Us[:es]SUSCRIBASE[:] - NCFRP\",\"isPartOf\":{\"@id\":\"https:\/\/www.ncfrp.com\/#website\"},\"datePublished\":\"2015-01-12T07:57:36+00:00\",\"dateModified\":\"2015-07-02T12:57:47+00:00\",\"inLanguage\":\"es\",\"potentialAction\":[{\"@type\":\"ReadAction\",\"target\":[\"https:\/\/www.ncfrp.com\/contact-us\/subscribe-to-ncfrp\/\"]}]}]}<\/script>\n<!-- \/ Yoast SEO plugin. -->","_links":{"self":[{"href":"https:\/\/www.ncfrp.com\/es\/wp-json\/wp\/v2\/pages\/90"}],"collection":[{"href":"https:\/\/www.ncfrp.com\/es\/wp-json\/wp\/v2\/pages"}],"about":[{"href":"https:\/\/www.ncfrp.com\/es\/wp-json\/wp\/v2\/types\/page"}],"author":[{"embeddable":true,"href":"https:\/\/www.ncfrp.com\/es\/wp-json\/wp\/v2\/users\/1"}],"replies":[{"embeddable":true,"href":"https:\/\/www.ncfrp.com\/es\/wp-json\/wp\/v2\/comments?post=90"}],"version-history":[{"count":13,"href":"https:\/\/www.ncfrp.com\/es\/wp-json\/wp\/v2\/pages\/90\/revisions"}],"predecessor-version":[{"id":735,"href":"https:\/\/www.ncfrp.com\/es\/wp-json\/wp\/v2\/pages\/90\/revisions\/735"}],"up":[{"embeddable":true,"href":"https:\/\/www.ncfrp.com\/es\/wp-json\/wp\/v2\/pages\/20"}],"wp:attachment":[{"href":"https:\/\/www.ncfrp.com\/es\/wp-json\/wp\/v2\/media?parent=90"}],"curies":[{"name":"wp","href":"https:\/\/api.w.org\/{rel}","templated":true}]}}